{"id":10,"date":"2025-09-22T10:05:40","date_gmt":"2025-09-22T10:05:40","guid":{"rendered":"https:\/\/tenuta.dk\/home\/"},"modified":"2025-10-09T08:32:57","modified_gmt":"2025-10-09T08:32:57","slug":"home","status":"publish","type":"page","link":"https:\/\/tenuta.dk\/da\/","title":{"rendered":"Villa Lucchetta | Hjem"},"content":{"rendered":"<div class=\"wp-block-group alignfull hostinger-ai-hero-1 hostinger-ai-fade-up has-color-2-background-color has-background has-global-padding is-layout-constrained wp-block-group-is-layout-constrained\">\n<div class=\"wp-block-group alignwide hostinger-ai-fade-up is-layout-grid wp-container-core-group-is-layout-b2a6df44 wp-block-group-is-layout-grid\" style=\"padding-top:var(--wp--preset--spacing--60);padding-bottom:var(--wp--preset--spacing--60)\">\n<div class=\"wp-block-group hostinger-ai-fade-up wp-container-content-5e2576f9 is-vertical is-content-justification-left is-nowrap is-layout-flex wp-container-core-group-is-layout-e445e5de wp-block-group-is-layout-flex\">\n<h1 class=\"wp-block-heading hostinger-ai-title has-light-color has-text-color has-link-color has-xx-large-font-size wp-elements-377ec94f682f42b8e280e44b7f48c024\" style=\"margin-top:0;margin-right:0;margin-bottom:0;margin-left:0\">Villa Lucchetta: hvor Venedigs adel levede<\/h1>\n\n\n\n<p class=\"hostinger-ai-description has-light-color has-text-color has-link-color has-medium-font-size wp-elements-f241fee4297612934c717fc7b27e470a\" style=\"margin-top:0;margin-bottom:var(--wp--preset--spacing--50)\">Bliv ejer af et af Venetos mest autentiske alternativer til Toscana. \u00c6gte ejerskab, f\u00f8rsteklasses livsstil i en venetiansk villa fra det 16. \u00e5rhundrede.<\/p>\n\n\n\n<div class=\"wp-block-buttons is-layout-flex wp-block-buttons-is-layout-flex\">\n<div class=\"wp-block-button hostinger-ai-cta-button hostinger-index-0\"><a class=\"wp-block-button__link has-color-2-color has-color-1-background-color has-text-color has-background has-link-color has-border-color has-medium-font-size has-custom-font-size wp-element-button\" href=\"https:\/\/sendfox.com\/lp\/mp4yld\" style=\"border-color:#E1D7C6;border-width:1px;border-radius:50px;padding-top:var(--wp--preset--spacing--30);padding-right:var(--wp--preset--spacing--70);padding-bottom:var(--wp--preset--spacing--30);padding-left:var(--wp--preset--spacing--70)\" target=\"_blank\" rel=\"noreferrer noopener nofollow\">F\u00e5 et smugkig p\u00e5 investor-pakken<\/a><\/div>\n<\/div>\n<\/div>\n\n\n\n<div class=\"wp-block-group hostinger-ai-fade-up wp-container-content-5e2576f9 has-global-padding is-layout-constrained wp-block-group-is-layout-constrained\">\n<figure class=\"wp-block-video\"><video autoplay controls loop muted src=\"https:\/\/tenuta.dk\/wp-content\/uploads\/2025\/10\/VID-20251009-WA0003.mp4\"><\/video><\/figure>\n<\/div>\n<\/div>\n<\/div>\n\n\n\n<div class=\"wp-block-group alignfull hostinger-ai-our-projects-2 hostinger-ai-fade-up has-global-padding is-layout-constrained wp-block-group-is-layout-constrained\">\n<div class=\"wp-block-group alignwide hostinger-ai-fade-up has-global-padding is-content-justification-left is-layout-constrained wp-container-core-group-is-layout-12dd3699 wp-block-group-is-layout-constrained\">\n<h2 class=\"wp-block-heading has-text-align-left is-style-default hostinger-ai-title has-dark-color has-text-color has-link-color has-x-large-font-size wp-elements-94bf87af9ff86cc2022a7bf21fc3e0b6\" style=\"margin-bottom:var(--wp--preset--spacing--30)\">Hvorfor Villa Lucchetta?<\/h2>\n<\/div>\n\n\n\n<div class=\"wp-block-group alignwide project-item hostinger-ai-fade-up is-layout-grid wp-container-core-group-is-layout-be66fcb3 wp-block-group-is-layout-grid\" style=\"padding-top:var(--wp--preset--spacing--40);padding-right:0;padding-bottom:var(--wp--preset--spacing--60);padding-left:0\">\n<div class=\"wp-block-group hostinger-ai-fade-up has-global-padding is-layout-constrained wp-block-group-is-layout-constrained\">\n<figure class=\"wp-block-image size-full has-custom-border hostinger-ai-project-image hostinger-index-3\"><img loading=\"lazy\" decoding=\"async\" width=\"2016\" height=\"1134\" src=\"https:\/\/tenuta.dk\/wp-content\/uploads\/2025\/09\/berici_view_vicenza.png\" alt=\"\" class=\"wp-image-25\" style=\"border-radius:20px\" srcset=\"https:\/\/tenuta.dk\/wp-content\/uploads\/2025\/09\/berici_view_vicenza.png 2016w, https:\/\/tenuta.dk\/wp-content\/uploads\/2025\/09\/berici_view_vicenza-300x169.png 300w, https:\/\/tenuta.dk\/wp-content\/uploads\/2025\/09\/berici_view_vicenza-1024x576.png 1024w, https:\/\/tenuta.dk\/wp-content\/uploads\/2025\/09\/berici_view_vicenza-768x432.png 768w, https:\/\/tenuta.dk\/wp-content\/uploads\/2025\/09\/berici_view_vicenza-1536x864.png 1536w\" sizes=\"auto, (max-width: 2016px) 100vw, 2016px\" \/><figcaption class=\"wp-element-caption\"><em>Udsigt over Villa Lucchettas omgivelser med vinmarker og oliventr\u00e6er og ren\u00e6ssancebyen Vicenza, kun 15 minutters k\u00f8rsel v\u00e6k.<\/em><\/figcaption><\/figure>\n<\/div>\n\n\n\n<div class=\"wp-block-group project-item-content hostinger-ai-fade-up wp-container-content-5e2576f9 is-vertical is-content-justification-left is-nowrap is-layout-flex wp-container-core-group-is-layout-cb02dbd6 wp-block-group-is-layout-flex\" style=\"padding-right:var(--wp--preset--spacing--60);padding-left:var(--wp--preset--spacing--60)\">\n<h3 class=\"wp-block-heading hostinger-ai-project-title has-dark-color has-text-color has-link-color has-x-large-font-size wp-elements-49c4ffb421ca6e555b34f75df62ebd95\" style=\"margin-top:0;margin-right:0;margin-bottom:0;margin-left:0;padding-bottom:var(--wp--preset--spacing--20)\">1. En autentisk italiensk oplevelse<\/h3>\n\n\n\n<p class=\"hostinger-ai-project-description has-dark-color has-text-color has-link-color has-medium-font-size wp-elements-5173d91c100eb4bb9159c38f23a43a19\" style=\"margin-top:0;margin-bottom:var(--wp--preset--spacing--50)\">For dem, der s\u00f8ger et langtidsbolig i Italien, tilbyder Villa Lucchetta noget sj\u00e6ldent: <strong>autenticitet, elegance og vedvarende v\u00e6rdi<\/strong>. <\/p>\n\n\n\n<p class=\"hostinger-ai-project-description has-dark-color has-text-color has-link-color has-medium-font-size wp-elements-9d44b23591a95f5332dce5707dadda7a\" style=\"margin-top:0;margin-bottom:var(--wp--preset--spacing--50)\">Beliggende i den mest mellemeurop\u00e6iske del af landet, hvor orden og tradition hersker, tilbyder Villa Lucchetta dig <strong>betagende omgivelser<\/strong> blandt vinmarker og oliventr\u00e6er, og<strong> \u00f8jeblikkelig adgang til blomstrende byer<\/strong> som Vicenza, Verona og Venedig. Hvis der er et sted, der er v\u00e6rd at bes\u00f8ge \u00e5r efter \u00e5r, s\u00e5 er det her.<\/p>\n<\/div>\n<\/div>\n\n\n\n<div class=\"wp-block-group alignwide project-item hostinger-ai-fade-up is-layout-grid wp-container-core-group-is-layout-be66fcb3 wp-block-group-is-layout-grid\" style=\"padding-top:var(--wp--preset--spacing--40);padding-right:0;padding-bottom:var(--wp--preset--spacing--60);padding-left:0\">\n<div class=\"wp-block-group hostinger-ai-fade-up has-global-padding is-layout-constrained wp-block-group-is-layout-constrained\">\n<figure class=\"wp-block-image size-full has-custom-border hostinger-ai-project-image hostinger-index-4\"><img loading=\"lazy\" decoding=\"async\" width=\"614\" height=\"617\" src=\"https:\/\/tenuta.dk\/wp-content\/uploads\/2025\/09\/driving_range.png\" alt=\"\" class=\"wp-image-19\" style=\"border-radius:20px\" srcset=\"https:\/\/tenuta.dk\/wp-content\/uploads\/2025\/09\/driving_range.png 614w, https:\/\/tenuta.dk\/wp-content\/uploads\/2025\/09\/driving_range-300x300.png 300w, https:\/\/tenuta.dk\/wp-content\/uploads\/2025\/09\/driving_range-150x150.png 150w\" sizes=\"auto, (max-width: 614px) 100vw, 614px\" \/><figcaption class=\"wp-element-caption\"><em>Kortet viser den 1 times k\u00f8rselsafstand fra Villa Lucchetta<\/em><\/figcaption><\/figure>\n<\/div>\n\n\n\n<div class=\"wp-block-group project-item-content hostinger-ai-fade-up wp-container-content-5e2576f9 is-vertical is-content-justification-left is-nowrap is-layout-flex wp-container-core-group-is-layout-cb02dbd6 wp-block-group-is-layout-flex\" style=\"padding-right:var(--wp--preset--spacing--60);padding-left:var(--wp--preset--spacing--60)\">\n<h3 class=\"wp-block-heading hostinger-ai-project-title hostinger-index-1 has-dark-color has-text-color has-link-color has-x-large-font-size wp-elements-c276c5a4828058a4aafb78ff0217e795\" style=\"margin-top:0;margin-right:0;margin-bottom:0;margin-left:0;padding-bottom:var(--wp--preset--spacing--20)\">2. T\u00e6t p\u00e5 alt<\/h3>\n\n\n\n<p class=\"hostinger-ai-project-description hostinger-index-1 has-dark-color has-text-color has-link-color has-medium-font-size wp-elements-61f37c6789993c2304a80f5cd551568a\" style=\"margin-top:0;margin-bottom:var(--wp--preset--spacing--50)\"><strong>V\u00e6k fra turistm\u00e6ngderne, men alligevel vidunderligt forbundet.<\/strong>Villa Lucchetta ligger i k\u00f8reafstand fra 34 Michelin-stjernede restauranter, flere hundrede vinproducenter, fire UNESCO Verdensarvsbyer og <strong>fem internationale lufthavne<\/strong> som Venedig og Verona, med daglige forbindelser til Nordeuropa \u00e5ret rundt.<\/p>\n<\/div>\n<\/div>\n\n\n\n<div class=\"wp-block-group alignwide project-item hostinger-ai-fade-up is-layout-grid wp-container-core-group-is-layout-d462a945 wp-block-group-is-layout-grid\" style=\"padding-top:var(--wp--preset--spacing--40);padding-right:0;padding-bottom:0;padding-left:0\">\n<div class=\"wp-block-group hostinger-ai-fade-up has-global-padding is-layout-constrained wp-block-group-is-layout-constrained\">\n<figure class=\"wp-block-image size-full has-custom-border hostinger-ai-project-image hostinger-index-5\"><img loading=\"lazy\" decoding=\"async\" width=\"769\" height=\"345\" src=\"https:\/\/tenuta.dk\/wp-content\/uploads\/2025\/09\/lucchetta_terrace.png\" alt=\"\" class=\"wp-image-21\" style=\"border-radius:20px\" srcset=\"https:\/\/tenuta.dk\/wp-content\/uploads\/2025\/09\/lucchetta_terrace.png 769w, https:\/\/tenuta.dk\/wp-content\/uploads\/2025\/09\/lucchetta_terrace-300x135.png 300w\" sizes=\"auto, (max-width: 769px) 100vw, 769px\" \/><figcaption class=\"wp-element-caption\"><em>Udsigt over den restaurerede loggia, eksklusivt for en af lejlighederne p\u00e5 f\u00f8rste sal.<\/em><\/figcaption><\/figure>\n<\/div>\n\n\n\n<div class=\"wp-block-group project-item-content hostinger-ai-fade-up wp-container-content-5e2576f9 is-vertical is-content-justification-left is-nowrap is-layout-flex wp-container-core-group-is-layout-cb02dbd6 wp-block-group-is-layout-flex\" style=\"padding-right:var(--wp--preset--spacing--60);padding-left:var(--wp--preset--spacing--60)\">\n<h3 class=\"wp-block-heading hostinger-ai-project-title hostinger-index-2 has-dark-color has-text-color has-link-color has-x-large-font-size wp-elements-6ed54578d224cded321451a07ab7c6e1\" style=\"margin-top:0;margin-right:0;margin-bottom:0;margin-left:0;padding-bottom:var(--wp--preset--spacing--20)\">3. Luksusliv<\/h3>\n\n\n\n<p class=\"hostinger-ai-project-description hostinger-index-2 has-dark-color has-text-color has-link-color has-medium-font-size wp-elements-eab03afbf2054f12898a189e75862a19\" style=\"margin-top:0;margin-bottom:var(--wp--preset--spacing--50)\">Vi har gent\u00e6nkt Villa Lucchetta som et f\u00f8rsteklasses tilflugtssted med 9 lejligheder p\u00e5 100 til 120 m2. Med eksklusiv adgang til en k\u00e6mpe pool, udend\u00f8rs spiseomr\u00e5der og en 1 hektar stor olivenlund, og i g\u00e5afstand til daglige forn\u00f8denheder.<\/p>\n<\/div>\n<\/div>\n<\/div>\n\n\n\n<div class=\"wp-block-group alignfull hostinger-ai-about-us-2 hostinger-ai-fade-up has-global-padding is-layout-constrained wp-block-group-is-layout-constrained\">\n<div class=\"wp-block-group alignwide hostinger-ai-fade-up is-layout-grid wp-container-core-group-is-layout-422a8eaf wp-block-group-is-layout-grid\" style=\"padding-top:var(--wp--preset--spacing--60);padding-right:0;padding-bottom:var(--wp--preset--spacing--60);padding-left:0\">\n<div class=\"wp-block-group hostinger-ai-fade-up has-global-padding is-layout-constrained wp-block-group-is-layout-constrained\">\n<figure class=\"wp-block-image size-full has-custom-border hostinger-ai-image hostinger-index-1\"><img loading=\"lazy\" decoding=\"async\" width=\"762\" height=\"342\" src=\"https:\/\/tenuta.dk\/wp-content\/uploads\/2025\/09\/lucchetta_interior.png\" alt=\"\" class=\"wp-image-22\" style=\"border-radius:20px\" srcset=\"https:\/\/tenuta.dk\/wp-content\/uploads\/2025\/09\/lucchetta_interior.png 762w, https:\/\/tenuta.dk\/wp-content\/uploads\/2025\/09\/lucchetta_interior-300x135.png 300w\" sizes=\"auto, (max-width: 762px) 100vw, 762px\" \/><figcaption class=\"wp-element-caption\"><em>Et forslag til indretning, hentet fra lokale h\u00e5ndv\u00e6rkere.<\/em><\/figcaption><\/figure>\n<\/div>\n\n\n\n<div class=\"wp-block-group hostinger-ai-fade-up wp-container-content-5e2576f9 is-vertical is-content-justification-left is-nowrap is-layout-flex wp-container-core-group-is-layout-cb02dbd6 wp-block-group-is-layout-flex\" style=\"padding-right:var(--wp--preset--spacing--60);padding-left:var(--wp--preset--spacing--60)\">\n<h3 class=\"wp-block-heading hostinger-ai-title has-dark-color has-text-color has-link-color has-x-large-font-size wp-elements-47af03606bc5867cc7c693c8cebd48ac\" style=\"margin-top:0;margin-right:0;margin-bottom:0;margin-left:0;padding-bottom:var(--wp--preset--spacing--20)\">4. Fuld service<\/h3>\n\n\n\n<p class=\"hostinger-ai-description has-dark-color has-text-color has-link-color has-medium-font-size wp-elements-bed134ee5a3ac8fe6b3d725ccd953c7e\" style=\"margin-top:0;margin-bottom:var(--wp--preset--spacing--50)\">Vi \u00f8nsker, at din oplevelse skal v\u00e6re afslappende og ubesv\u00e6ret, s\u00e5 vores ops\u00e6tning inkluderer reng\u00f8ring, mulighed for at forudbestille mad og dagligvarer inden ankomst, samt mulighed for lufthavnstransport eller billeje, n\u00e5r du har lyst til at bo hos os. Med daglige direkte flyvninger p\u00e5 tv\u00e6rs af Europa vil du bes\u00f8ge stedet meget, meget ofte.<\/p>\n\n\n\n<div class=\"wp-block-buttons is-layout-flex wp-block-buttons-is-layout-flex\">\n<div class=\"wp-block-button hostinger-ai-cta-button hostinger-index-0\"><a class=\"wp-block-button__link has-dark-color has-text-color has-link-color has-border-color has-medium-font-size has-custom-font-size wp-element-button\" href=\"https:\/\/tenuta.dk\/da\/vores-vision\/\" style=\"border-color:#0d141a;border-width:1px;border-radius:50px;padding-top:var(--wp--preset--spacing--30);padding-right:var(--wp--preset--spacing--70);padding-bottom:var(--wp--preset--spacing--30);padding-left:var(--wp--preset--spacing--70);box-shadow:none\">Mere om vores vision om bekymringsfri nydelse<\/a><\/div>\n<\/div>\n<\/div>\n<\/div>\n<\/div>\n\n\n\n<div class=\"wp-block-group alignfull hostinger-ai-solid-block hostinger-ai-fade-up has-color-1-background-color has-background has-global-padding is-layout-constrained wp-block-group-is-layout-constrained\" style=\"padding-top:var(--wp--preset--spacing--60);padding-bottom:var(--wp--preset--spacing--60)\">\n<div class=\"wp-block-group alignwide hostinger-ai-fade-up is-vertical is-content-justification-center is-nowrap is-layout-flex wp-container-core-group-is-layout-4cc6ee0a wp-block-group-is-layout-flex\" style=\"min-height:0px;padding-top:0;padding-bottom:0\">\n<div class=\"wp-block-group hostinger-ai-fade-up wp-container-content-69bc4bdf has-global-padding is-content-justification-center is-layout-constrained wp-container-core-group-is-layout-78267832 wp-block-group-is-layout-constrained\">\n<h2 class=\"wp-block-heading has-text-align-center hostinger-ai-title has-dark-color has-text-color has-link-color has-x-large-font-size wp-elements-f1c20c50ae8465f0dd02aaea0c1f61b8\" style=\"margin-top:0;margin-right:0;margin-bottom:0;margin-left:0\">\u00c6gte elegance, du selv ejer<\/h2>\n\n\n\n<p class=\"has-text-align-center hostinger-ai-description has-dark-color has-text-color has-link-color has-medium-font-size wp-elements-30fa1b268398d7ea0f8014df1e5aa0cb\" style=\"margin-top:var(--wp--preset--spacing--20);margin-bottom:var(--wp--preset--spacing--50)\">Villa Lucchetta er ikke en timeshare. Det er et kurateret byggeri med kun 9 boliger, der hver is\u00e6r tilbyder reelt ejerskab, langsigtet sikkerhed og fuld nydelse \u2013 uden byrden af daglig vedligeholdelse. Priserne starter ved \u20ac400.000. Levering medio 2026.<\/p>\n\n\n\n<div class=\"wp-block-buttons is-content-justification-center is-layout-flex wp-container-core-buttons-is-layout-a89b3969 wp-block-buttons-is-layout-flex\">\n<div class=\"wp-block-button hostinger-ai-cta-button\"><a class=\"wp-block-button__link has-dark-color has-contrast-background-color has-text-color has-background has-link-color has-border-color has-medium-font-size has-custom-font-size wp-element-button\" href=\"https:\/\/sendfox.com\/lp\/mp4yld\" style=\"border-color:#0d141a;border-width:1px;border-radius:50px;padding-top:var(--wp--preset--spacing--30);padding-right:var(--wp--preset--spacing--70);padding-bottom:var(--wp--preset--spacing--30);padding-left:var(--wp--preset--spacing--70);box-shadow:none\" target=\"_blank\" rel=\"noreferrer noopener\">Begr\u00e6nset til 9 ejere. F\u00e5 et smugkig p\u00e5 investor-kortene i dag.<\/a><\/div>\n<\/div>\n\n\n\n<p class=\"has-text-align-center\"><em>Ingen spam, intet pres<\/em><\/p>\n<\/div>\n<\/div>\n<\/div>\n\n\n\n<p><\/p>","protected":false},"excerpt":{"rendered":"<p>Villa Lucchetta: hjemstedet for Venedigs adel. Besidd et stykke af Venetos mest autentiske alternativ til Toscana. \u00c6gte ejerskab, f\u00f8rsteklasses livsstil i en venetiansk villa fra det 16. \u00e5rhundrede. Hvorfor Villa Lucchetta? 1. En autentisk italiensk oplevelse. For dem, der s\u00f8ger et langtidsbolig i Italien, tilbyder Villa Lucchetta noget sj\u00e6ldent: autenticitet, elegance og varig v\u00e6rdi. Beliggende [\u2026]<\/p>","protected":false},"author":1,"featured_media":18,"parent":0,"menu_order":0,"comment_status":"closed","ping_status":"closed","template":"","meta":{"footnotes":""},"class_list":["post-10","page","type-page","status-publish","has-post-thumbnail","hentry"],"_hostinger_reach_plugin_has_subscription_block":false,"_hostinger_reach_plugin_is_elementor":false,"_links":{"self":[{"href":"https:\/\/tenuta.dk\/da\/wp-json\/wp\/v2\/pages\/10","targetHints":{"allow":["GET"]}}],"collection":[{"href":"https:\/\/tenuta.dk\/da\/wp-json\/wp\/v2\/pages"}],"about":[{"href":"https:\/\/tenuta.dk\/da\/wp-json\/wp\/v2\/types\/page"}],"author":[{"embeddable":true,"href":"https:\/\/tenuta.dk\/da\/wp-json\/wp\/v2\/users\/1"}],"replies":[{"embeddable":true,"href":"https:\/\/tenuta.dk\/da\/wp-json\/wp\/v2\/comments?post=10"}],"version-history":[{"count":15,"href":"https:\/\/tenuta.dk\/da\/wp-json\/wp\/v2\/pages\/10\/revisions"}],"predecessor-version":[{"id":91,"href":"https:\/\/tenuta.dk\/da\/wp-json\/wp\/v2\/pages\/10\/revisions\/91"}],"wp:featuredmedia":[{"embeddable":true,"href":"https:\/\/tenuta.dk\/da\/wp-json\/wp\/v2\/media\/18"}],"wp:attachment":[{"href":"https:\/\/tenuta.dk\/da\/wp-json\/wp\/v2\/media?parent=10"}],"curies":[{"name":"wp","href":"https:\/\/api.w.org\/{rel}","templated":true}]}}