{"id":12,"date":"2025-09-22T10:05:48","date_gmt":"2025-09-22T10:05:48","guid":{"rendered":"https:\/\/tenuta.dk\/about\/"},"modified":"2025-09-22T14:50:27","modified_gmt":"2025-09-22T14:50:27","slug":"om","status":"publish","type":"page","link":"https:\/\/tenuta.dk\/da\/om\/","title":{"rendered":"Om os"},"content":{"rendered":"<div class=\"wp-block-group alignfull hostinger-ai-about-us-3 hostinger-ai-fade-up has-global-padding is-layout-constrained wp-block-group-is-layout-constrained\">\n<div class=\"wp-block-group alignwide hostinger-ai-fade-up is-layout-grid wp-container-core-group-is-layout-422a8eaf wp-block-group-is-layout-grid\" style=\"padding-top:var(--wp--preset--spacing--60);padding-right:0;padding-bottom:var(--wp--preset--spacing--60);padding-left:0\">\n<div class=\"wp-block-group hostinger-ai-fade-up wp-container-content-5e2576f9 is-vertical is-content-justification-left is-nowrap is-layout-flex wp-container-core-group-is-layout-f26a4d82 wp-block-group-is-layout-flex\" style=\"padding-right:var(--wp--preset--spacing--60);padding-left:0\">\n<h2 class=\"wp-block-heading hostinger-ai-title has-dark-color has-text-color has-link-color has-x-large-font-size wp-elements-e6f7c205a3d3174931a6803ca1fb20f1\" style=\"margin-top:0;margin-right:0;margin-bottom:0;margin-left:0;padding-bottom:var(--wp--preset--spacing--20)\">Det hele begyndte \u2013 som mange gode id\u00e9er g\u00f8r \u2013 over en middag i K\u00f8benhavn.<\/h2>\n\n\n\n<p class=\"hostinger-ai-description has-dark-color has-text-color has-link-color has-medium-font-size wp-elements-96307b53e93b7352b33c482b34709d71\" style=\"margin-top:0;margin-bottom:var(--wp--preset--spacing--50)\"><em>Fra \u00f8nsket om at redde kulturarv til ambitionen om at forme fremtidens italienske livsstil.<\/em><br><\/p>\n<\/div>\n\n\n\n<div class=\"wp-block-group hostinger-ai-fade-up is-nowrap is-layout-flex wp-container-core-group-is-layout-6c531013 wp-block-group-is-layout-flex\">\n<figure class=\"wp-block-image size-full has-custom-border hostinger-ai-image hostinger-index-4 wp-container-content-69bc4bdf\"><img loading=\"lazy\" decoding=\"async\" width=\"715\" height=\"642\" src=\"https:\/\/tenuta.dk\/wp-content\/uploads\/2025\/09\/udsigt-villa-augusta.png\" alt=\"\" class=\"wp-image-62\" style=\"border-radius:20px\" srcset=\"https:\/\/tenuta.dk\/wp-content\/uploads\/2025\/09\/udsigt-villa-augusta.png 715w, https:\/\/tenuta.dk\/wp-content\/uploads\/2025\/09\/udsigt-villa-augusta-300x269.png 300w\" sizes=\"auto, (max-width: 715px) 100vw, 715px\" \/><\/figure>\n<\/div>\n<\/div>\n<\/div>\n\n\n\n<div class=\"wp-block-group alignfull hostinger-ai-resume-1 hostinger-ai-fade-up has-global-padding is-layout-constrained wp-block-group-is-layout-constrained\">\n<div class=\"wp-block-group alignwide hostinger-ai-fade-up has-global-padding is-layout-constrained wp-block-group-is-layout-constrained\" style=\"padding-top:var(--wp--preset--spacing--60);padding-bottom:var(--wp--preset--spacing--60)\">\n<div class=\"wp-block-group hostinger-ai-fade-up wp-container-content-69bc4bdf is-vertical is-content-justification-left is-nowrap is-layout-flex wp-container-core-group-is-layout-cb02dbd6 wp-block-group-is-layout-flex\" style=\"padding-right:var(--wp--preset--spacing--60);padding-left:var(--wp--preset--spacing--60)\">\n<p class=\"hostinger-ai-title has-dark-color has-text-color has-link-color has-large-font-size wp-elements-856b8f6a2e2e00dd7c2a05fc20d8296c\">I starten af 2024 sad en gruppe danskere og venetianere \u2013 venner, samarbejdspartnere og ligesindede \u2013 fordybet i en samtale om Italien, arkitektur og de alt for mange bem\u00e6rkelsesv\u00e6rdige steder, der stod og forfaldt, lige uden for turistrutens blik.\n\nEn af os var vokset op i Veneto og havde oplevet det p\u00e5 t\u00e6t hold: storsl\u00e5ede herreg\u00e5rde og landsteder, der langsomt gled ud af historien, efterh\u00e5nden som familier blev mindre, folk flyttede til byerne, og de gamle huse blev for store, for slidte eller for komplekse at redde.<\/p>\n<\/div>\n\n\n\n<hr class=\"wp-block-separator has-alpha-channel-opacity\"\/>\n\n\n\n<div class=\"wp-block-group hostinger-ai-fade-up wp-container-content-69bc4bdf is-vertical is-content-justification-left is-nowrap is-layout-flex wp-container-core-group-is-layout-cb02dbd6 wp-block-group-is-layout-flex\" style=\"padding-right:var(--wp--preset--spacing--60);padding-left:var(--wp--preset--spacing--60)\">\n<hr class=\"wp-block-separator has-alpha-channel-opacity\"\/>\n\n\n\n<h2 class=\"wp-block-heading hostinger-ai-title hostinger-index-1 has-x-large-font-size\" style=\"margin-bottom:var(--wp--preset--spacing--30)\">Tenuta Augusta er (gen)f\u00f8dt<\/h2>\n\n\n\n<p class=\"hostinger-ai-subtitle hostinger-index-1 hostinger-ai-font-bold\">F\u00e5 m\u00e5neder senere fandt vi det rette sted at starte: <strong>Tenuta Augusta<\/strong>, en l\u00e6nge fors\u00f8mt g\u00e5rd i Berici-bakkerne. Her satte vi vores filosofi p\u00e5 pr\u00f8ve \u2013 at restaurere med integritet, investere med form\u00e5l og skabe noget, der b\u00e5de er rodf\u00e6stet i historien og \u00e5bent mod verden.\n\nVi fokuserede p\u00e5 \u00e6gte ejerskab, b\u00e6redygtig arealanvendelse og en model, der hverken presser lokalbefolkningen ud eller ignorerer kompleksiteten i det italienske landskab.<br><\/p>\n\n\n\n<p>Mens arbejdet skred frem, kom erkendelsen: <strong>vi var ikke alene.<\/strong>Flere og flere \u2013 is\u00e6r i Nordeuropa \u2013 ledte efter noget mere meningsfuldt i Italien. Ikke blot et smukt sted at bes\u00f8ge, men en m\u00e5de at blive en del af fremtiden p\u00e5.<\/p>\n\n\n\n<p class=\"hostinger-ai-subtitle hostinger-index-2\">Det var d\u00e9r, vi fandt <strong>Villa Lucchetta<\/strong>.<\/p>\n<\/div>\n<\/div>\n<\/div>\n\n\n\n<div class=\"wp-block-group alignfull hostinger-ai-about-us-3 hostinger-ai-fade-up has-global-padding is-layout-constrained wp-block-group-is-layout-constrained\">\n<div class=\"wp-block-columns alignwide is-layout-flex wp-container-core-columns-is-layout-28f84493 wp-block-columns-is-layout-flex\">\n<div class=\"wp-block-column is-layout-flow wp-block-column-is-layout-flow\" style=\"flex-basis:60%\">\n<figure class=\"wp-block-image size-full has-custom-border hostinger-ai-service-image hostinger-index-3\"><img loading=\"lazy\" decoding=\"async\" width=\"1209\" height=\"910\" src=\"https:\/\/tenuta.dk\/wp-content\/uploads\/2025\/09\/villa_augusta.jpg\" alt=\"\" class=\"wp-image-60\" style=\"border-radius:20px\" srcset=\"https:\/\/tenuta.dk\/wp-content\/uploads\/2025\/09\/villa_augusta.jpg 1209w, https:\/\/tenuta.dk\/wp-content\/uploads\/2025\/09\/villa_augusta-300x226.jpg 300w, https:\/\/tenuta.dk\/wp-content\/uploads\/2025\/09\/villa_augusta-1024x771.jpg 1024w, https:\/\/tenuta.dk\/wp-content\/uploads\/2025\/09\/villa_augusta-768x578.jpg 768w\" sizes=\"auto, (max-width: 1209px) 100vw, 1209px\" \/><\/figure>\n<\/div>\n\n\n\n<div class=\"wp-block-column is-vertically-aligned-center is-layout-flow wp-block-column-is-layout-flow\" style=\"flex-basis:40%\">\n<div class=\"wp-block-group hostinger-ai-fade-up wp-container-content-69bc4bdf is-vertical is-content-justification-left is-nowrap is-layout-flex wp-container-core-group-is-layout-95b68133 wp-block-group-is-layout-flex\" style=\"padding-right:var(--wp--preset--spacing--20);padding-left:var(--wp--preset--spacing--20)\">\n<h2 class=\"wp-block-heading hostinger-ai-service-title has-dark-color has-text-color has-link-color has-x-large-font-size wp-elements-dc2add5b583f68fc9abbee13778ba600\" style=\"margin-top:0;margin-right:0;margin-bottom:0;margin-left:0;padding-bottom:var(--wp--preset--spacing--20)\"><strong>Vores tilgang<\/strong><br><\/h2>\n\n\n\n<p class=\"hostinger-ai-service-description has-dark-color has-text-color has-link-color has-medium-font-size wp-elements-347a4bf6ca5dc43334b45ba38122e9cc\" style=\"margin-top:0;margin-bottom:var(--wp--preset--spacing--50)\">Italien har nok hoteller, timeshares og spekulative byggerier. Vi restaurerer med et form\u00e5l: at bringe steder tilbage til livet, hvor reelt ejerskab m\u00f8der bekymringsfri nydelse.\n\nHer er infrastrukturen, servicen og omsorgen p\u00e5 plads \u2013 og du f\u00e5r stadig n\u00f8glerne i h\u00e5nden.<\/p>\n\n\n\n<p>Uanset om du bes\u00f8ger stedet \u00e9n gang om \u00e5ret eller hver s\u00e6son, er modellen skabt til at tilbyde fleksibilitet, tryghed og en meningsfuld andel i noget, der er bygget til at holde.<br><\/p>\n\n\n\n<p class=\"hostinger-ai-service-description has-dark-color has-text-color has-link-color has-medium-font-size wp-elements-35b107984ff7ef99573c17eee0983610\" style=\"margin-top:0;margin-bottom:var(--wp--preset--spacing--50)\">Vil du v\u00e6re en del af rejsen? <a href=\"https:\/\/tenuta.substack.com\">Abonn\u00e9r her og f\u00f8lg udviklingen t\u00e6t.<\/a>.<\/p>\n<\/div>\n<\/div>\n<\/div>\n\n\n\n<p><\/p>\n<\/div>","protected":false},"excerpt":{"rendered":"<p>Det hele startede, som mange gode id\u00e9er g\u00f8r, over en middag i K\u00f8benhavn. Fra at redde kulturarv til at forme fremtiden for italiensk livsstil. I starten af 2024 befandt en gruppe danskere og venetianere \u2013 venner, samarbejdspartnere og besl\u00e6gtede sj\u00e6le \u2013 sig dybt optaget af en samtale om Italien, arkitektur og de alt for mange bem\u00e6rkelsesv\u00e6rdige steder, der er tilbage [\u2026]<\/p>","protected":false},"author":1,"featured_media":62,"parent":0,"menu_order":0,"comment_status":"closed","ping_status":"closed","template":"","meta":{"footnotes":""},"class_list":["post-12","page","type-page","status-publish","has-post-thumbnail","hentry"],"_hostinger_reach_plugin_has_subscription_block":false,"_hostinger_reach_plugin_is_elementor":false,"_links":{"self":[{"href":"https:\/\/tenuta.dk\/da\/wp-json\/wp\/v2\/pages\/12","targetHints":{"allow":["GET"]}}],"collection":[{"href":"https:\/\/tenuta.dk\/da\/wp-json\/wp\/v2\/pages"}],"about":[{"href":"https:\/\/tenuta.dk\/da\/wp-json\/wp\/v2\/types\/page"}],"author":[{"embeddable":true,"href":"https:\/\/tenuta.dk\/da\/wp-json\/wp\/v2\/users\/1"}],"replies":[{"embeddable":true,"href":"https:\/\/tenuta.dk\/da\/wp-json\/wp\/v2\/comments?post=12"}],"version-history":[{"count":5,"href":"https:\/\/tenuta.dk\/da\/wp-json\/wp\/v2\/pages\/12\/revisions"}],"predecessor-version":[{"id":70,"href":"https:\/\/tenuta.dk\/da\/wp-json\/wp\/v2\/pages\/12\/revisions\/70"}],"wp:featuredmedia":[{"embeddable":true,"href":"https:\/\/tenuta.dk\/da\/wp-json\/wp\/v2\/media\/62"}],"wp:attachment":[{"href":"https:\/\/tenuta.dk\/da\/wp-json\/wp\/v2\/media?parent=12"}],"curies":[{"name":"wp","href":"https:\/\/api.w.org\/{rel}","templated":true}]}}