{"id":3,"date":"2025-09-22T10:01:35","date_gmt":"2025-09-22T10:01:35","guid":{"rendered":"http:\/\/tenuta.dk\/?page_id=3"},"modified":"2025-09-22T13:18:13","modified_gmt":"2025-09-22T13:18:13","slug":"privatlivspolitik","status":"publish","type":"page","link":"https:\/\/tenuta.dk\/da\/privatlivspolitik\/","title":{"rendered":"Privatlivspolitik"},"content":{"rendered":"<p>Denne privatlivspolitik beskriver, hvordan virksomheden og dens tilknyttede selskaber (&quot;vi&quot;, &quot;os&quot; eller &quot;vores&quot;) behandler personoplysninger i forbindelse med din brug af vores platform. Afh\u00e6ngigt af din placering og hvordan du interagerer med vores platform, kan yderligere privatlivsbetingelser g\u00e6lde. Gennemg\u00e5 venligst eventuelle supplerende oplysninger, der beskriver, hvordan vi behandler personoplysninger under specifikke omst\u00e6ndigheder.<\/p>\n\n\n\n<p><em>Bem\u00e6rk venligst:<\/em> Denne privatlivspolitik kan v\u00e6re tilg\u00e6ngelig p\u00e5 flere sprog. Den autoritative version er dog den engelske (britiske) version. Andre sprogversioner (hvis tilg\u00e6ngelige) er kun til nemheds skyld. Ved at bruge platformen accepterer du udtrykkeligt denne bestemmelse.<\/p>\n\n\n\n<h2 class=\"wp-block-heading\">Oplysninger vi indsamler<\/h2>\n\n\n\n<p>Vi indsamler personlige oplysninger om dig, n\u00e5r du bruger vores platform. Uden visse oplysninger kan vi muligvis ikke levere alle de \u00f8nskede tjenester. De typer oplysninger, vi indsamler, omfatter:<\/p>\n\n\n\n<ul class=\"wp-block-list\">\n<li><strong>Kontakt-, konto- og profiloplysninger:<\/strong> For eksempel dit fornavn, efternavn, telefonnummer, postadresse, e-mailadresse, f\u00f8dselsdato og profilbillede, afh\u00e6ngigt af de funktioner, du bruger.<\/li>\n<\/ul>\n\n\n\n<h2 class=\"wp-block-heading\">Yderligere oplysninger<\/h2>\n\n\n\n<p>Du kan v\u00e6lge at give os yderligere personlige oplysninger, herunder:<\/p>\n\n\n\n<ul class=\"wp-block-list\">\n<li><strong>Yderligere profiloplysninger:<\/strong> S\u00e5som k\u00f8n, foretrukne sprog, by og personlig beskrivelse. Nogle af disse oplysninger (som angivet i dine kontoindstillinger) er en del af din offentlige profil og vil v\u00e6re offentligt synlige.<\/li>\n\n\n\n<li><strong>Andre oplysninger:<\/strong> S\u00e5som oplysninger, du giver, n\u00e5r du udfylder formularer, tilf\u00f8jer oplysninger til din konto, besvarer unders\u00f8gelser, skriver opslag p\u00e5 f\u00e6llesskabsfora, deltager i kampagner, kommunikerer med vores support eller andre brugere eller deler dine oplevelser med os. <em>V\u00e6r opm\u00e6rksom p\u00e5, at samtaler eller kommunikation, du har p\u00e5 vores platform, kan blive gemt p\u00e5 vores platform.<\/em>.<\/li>\n<\/ul>\n\n\n\n<h2 class=\"wp-block-heading\">Oplysninger indsamlet automatisk ved brug af platformen<\/h2>\n\n\n\n<p>N\u00e5r du bruger vores platform, indsamler vi automatisk visse personlige og tekniske oplysninger. Disse oplysninger kan omfatte:<\/p>\n\n\n\n<ul class=\"wp-block-list\">\n<li><strong>Geoplysningsoplysninger:<\/strong> Pr\u00e6cis eller omtrentlig placering bestemt ud fra din IP-adresse, din mobil- eller anden enheds GPS eller andre placeringsoplysninger, du deler med os (afh\u00e6ngigt af dine enhedsindstillinger).<\/li>\n\n\n\n<li><strong>Brugsoplysninger:<\/strong> Oplysninger om de sider eller det indhold, du ser, de s\u00f8gninger, du foretager, og andre handlinger p\u00e5 platformen.<\/li>\n\n\n\n<li><strong>Logdata og enhedsoplysninger:<\/strong> Detaljer om, hvordan du har brugt platformen (f.eks. sider, du har set eller interageret med f\u00f8r eller efter brug af platformen), IP-adresse, adgangsdatoer og -tidspunkter, hardware- og softwareoplysninger, enhedsidentifikatorer, nedbrudsdata og andre unikke enhedsdata. Vi kan indsamle disse oplysninger, selvom du ikke har oprettet en konto eller er logget ind.<\/li>\n\n\n\n<li><strong>Cookies og lignende teknologier:<\/strong> Vi bruger cookies og lignende sporingsteknologier til at indsamle data (se vores Cookiepolitik for detaljer). Disse teknologier hj\u00e6lper os med at genkende dig, huske dine pr\u00e6ferencer og spore dine interaktioner til analyse- og reklameform\u00e5l. Du kan kontrollere nogle cookiepr\u00e6ferencer via dine browserindstillinger eller vores cookieadministrationsv\u00e6rkt\u00f8j.<\/li>\n\n\n\n<li><strong>Oplysninger om betalingstransaktion:<\/strong> Hvis du foretager transaktioner via vores platform, indsamler vi oplysninger s\u00e5som anvendt betalingsmetode, transaktionsdato og -tidspunkt, betalingsbel\u00f8b, udl\u00f8bsdato for betalingsmetoden, faktureringsadresse eller postnummer og andre relaterede transaktionsoplysninger.<\/li>\n<\/ul>\n\n\n\n<h2 class=\"wp-block-heading\">Oplysninger indsamlet fra tredjeparter<\/h2>\n\n\n\n<p>Vi indsamler ogs\u00e5 personoplysninger fra andre kilder, herunder:<\/p>\n\n\n\n<ul class=\"wp-block-list\">\n<li><strong>Tredjepartstjenester:<\/strong> Hvis du linker, opretter forbindelse til eller logger ind p\u00e5 vores platform via en tredjepartstjeneste (f.eks. ved at logge ind med Google eller Facebook), kan den p\u00e5g\u00e6ldende tjeneste sende os oplysninger s\u00e5som dine registrerings- og profiloplysninger, som kontrolleret af den p\u00e5g\u00e6ldende tjeneste eller godkendt af dig via dine privatlivsindstillinger.<\/li>\n\n\n\n<li><strong>Eksperter og kontostyring:<\/strong> I tilf\u00e6lde, hvor du interagerer med eksterne eksperter eller r\u00e5dgivere via vores platform, kan disse eksperter give dig personlige oplysninger for at administrere deres forhold til dig (f.eks. noter om konsultationer eller kontaktoplysninger til planl\u00e6gning).<\/li>\n\n\n\n<li><strong>Henvisninger:<\/strong> Hvis nogen inviterer dig til at bruge vores platform, kan de indsende personlige oplysninger om dig (s\u00e5som dit navn og din e-mailadresse) for at sende dig en invitation.<\/li>\n<\/ul>\n\n\n\n<blockquote class=\"wp-block-quote is-layout-flow wp-block-quote-is-layout-flow\"><\/blockquote>\n\n\n\n<h2 class=\"wp-block-heading\">S\u00e5dan bruger vi indsamlede oplysninger<\/h2>\n\n\n\n<p>Vi bruger personlige oplysninger som beskrevet i denne privatlivspolitik til forskellige form\u00e5l for at levere og forbedre vores tjenester. Disse form\u00e5l omfatter:<\/p>\n\n\n\n<h3 class=\"wp-block-heading\">1. Tilbyd, forbedre og udvikle platformen<\/h3>\n\n\n\n<p>Vi kan behandle dine oplysninger for at:<\/p>\n\n\n\n<ul class=\"wp-block-list\">\n<li>Give dig adgang til og bruge platformen, herunder muligg\u00f8re eventuelle betalingstransaktioner, du foretager.<\/li>\n\n\n\n<li>Behandle dine anmodninger om oplysninger eller tjenester, s\u00e5som at s\u00e6tte dig i kontakt med en professionel.<\/li>\n\n\n\n<li>Udf\u00f8r analyser, fejlfinding og research for at forbedre funktionaliteten og kvaliteten af vores platform.<\/li>\n\n\n\n<li>Tr\u00e6ne vores kundeserviceteam og forbedre supporten, hvilket kan indeb\u00e6re at gennemg\u00e5 interaktioner med henblik p\u00e5 kvalitetssikring.<\/li>\n\n\n\n<li>Sende dig servicerelateret kommunikation, s\u00e5som opdateringer, sikkerhedsadvarsler og kontomeddelelser.<\/li>\n\n\n\n<li>Behandle, h\u00e5ndtere eller vurdere forsikrings- eller andre krav, hvis s\u00e5danne oplysninger er relevante for de tjenester, vi faciliterer.<\/li>\n\n\n\n<li>Hvis du giver os andres kontaktoplysninger (f.eks. henviser en ven), kan vi bruge disse oplysninger til at sende dig henvisningsinvitationer eller -anmodninger (og til ethvert andet form\u00e5l, du giver tilladelse til).<\/li>\n<\/ul>\n\n\n\n<h3 class=\"wp-block-heading\">2. Overhold juridiske forpligtelser<\/h3>\n\n\n\n<p>Vi kan behandle personoplysninger for at opfylde vores juridiske forpligtelser og af sikkerhedsm\u00e6ssige \u00e5rsager, herunder:<\/p>\n\n\n\n<ul class=\"wp-block-list\">\n<li>Overholdelse af love eller lovlige anmodninger fra myndigheder (hvis vi er juridisk forpligtet til at videregive personoplysninger i visse situationer).<\/li>\n\n\n\n<li>L\u00f8sning af tvister med brugere, hvilket kan indeb\u00e6re deling af visse oplysninger om tvister (f.eks. mellem dig og en ekspert) efter behov.<\/li>\n\n\n\n<li>H\u00e5ndh\u00e6ve g\u00e6ldende love, reagere p\u00e5 retsprocesser, forebygge skade og beskytte vores og andres rettigheder.<\/li>\n\n\n\n<li>H\u00e5ndh\u00e6velse af vores servicevilk\u00e5r og andre politikker, der regulerer brugen af platformen.<\/li>\n<\/ul>\n\n\n\n<p>I begr\u00e6nsede tilf\u00e6lde kan vi bruge automatiserede processer, der kan begr\u00e6nse eller suspendere din adgang til Platformen, hvis vores systemer registrerer aktivitet, der udg\u00f8r en sikkerhedsrisiko, svindelrisiko eller anden risiko for Virksomheden, vores f\u00e6llesskab eller tredjeparter.<\/p>\n\n\n\n<h3 class=\"wp-block-heading\">3. Levere, personligg\u00f8re, m\u00e5le og forbedre vores annoncering og markedsf\u00f8ring<\/h3>\n\n\n\n<p>Vi kan behandle oplysninger for at:<\/p>\n\n\n\n<ul class=\"wp-block-list\">\n<li>Sende dig reklamebeskeder og andre oplysninger om vores tjenester eller begivenheder i henhold til dine pr\u00e6ferencer (f.eks. hvis du har tilmeldt dig vores nyhedsbrev eller markedsf\u00f8ringskommunikation)<\/li>\n\n\n\n<li>Tilpasse, m\u00e5le effektiviteten af og forbedre vores markedsf\u00f8ring og annoncering (f.eks. ved at skr\u00e6ddersy indhold eller annoncer til brugerinteresser og m\u00e5le engagement)<\/li>\n\n\n\n<li>Administrere henvisningsprogrammer, bel\u00f8nninger, unders\u00f8gelser, lotterier, konkurrencer eller andre salgsfremmende aktiviteter eller begivenheder<\/li>\n\n\n\n<li>Analyser brugerkarakteristika og pr\u00e6ferencer for at sende dig kampagner og information, som vi mener kan v\u00e6re af interesse for dig<\/li>\n\n\n\n<li>Inviterer dig til arrangementer og muligheder, der er relevante for vores tjenester.<\/li>\n<\/ul>\n\n\n\n<h3 class=\"wp-block-heading\">4. Analyser og moderer kommunikation<\/h3>\n\n\n\n<p>Af sikkerheds- og overholdelsesm\u00e6ssige \u00e5rsager kan vi gennemg\u00e5, scanne eller analysere kommunikation, du har p\u00e5 vores platform, af de ovenn\u00e6vnte \u00e5rsager. Dette omfatter aktiviteter som:<\/p>\n\n\n\n<ul class=\"wp-block-list\">\n<li>Forebyggelse af svindel og misbrug<\/li>\n\n\n\n<li>Udf\u00f8relse af sikkerhedsunders\u00f8gelser og risikovurderinger<\/li>\n\n\n\n<li>Opfyldelse af lovgivningsm\u00e6ssige krav<\/li>\n\n\n\n<li>Assistere med produktudvikling og forskning for at forbedre vores tjenester<\/li>\n\n\n\n<li>H\u00e5ndh\u00e6velse af vores servicevilk\u00e5r og yde kundesupport<\/li>\n<\/ul>\n\n\n\n<p>Vi bruger automatiserede metoder, hvor det er muligt, til at udf\u00f8re disse kontroller. I nogle tilf\u00e6lde kan vores personale manuelt gennemg\u00e5 kommunikation (f.eks. for at unders\u00f8ge svindel eller for at hj\u00e6lpe dig med en supportforesp\u00f8rgsel). Vi <strong>ikke<\/strong> gennemg\u00e5 eller analysere din kommunikation for at sende dig marketingbeskeder til tredjeparter, og vi vil aldrig s\u00e6lge indholdet af din personlige kommunikation. Vi kan dog dele dine kommunikationsdata, hvis det er n\u00f8dvendigt, som beskrevet i <strong>Deling af dine oplysninger<\/strong> afsnittet nedenfor (for eksempel hvis det er p\u00e5kr\u00e6vet ved lov eller som en del af en tvistbil\u00e6ggelse)<\/p>\n\n\n\n<h2 class=\"wp-block-heading\">Deling af dine oplysninger<\/h2>\n\n\n\n<p>Vi deler dine oplysninger under visse omst\u00e6ndigheder, som beskrevet nedenfor:<\/p>\n\n\n\n<ul class=\"wp-block-list\">\n<li><strong>Deling med dit samtykke eller efter din anvisning:<\/strong> Hvis du giver samtykke til eller beder os om at dele dine oplysninger, vil vi g\u00f8re det som beskrevet p\u00e5 samtykketidspunktet. Hvis du f.eks. giver en tredjepartsapplikation adgang til din konto, eller hvis du deltager i en kampagne, der kr\u00e6ver deling af oplysninger med en partner, vil vi dele data efter behov til dette form\u00e5l.<\/li>\n\n\n\n<li>Derudover kan vi, hvor det er tilladt i henhold til g\u00e6ldende lov, dele visse anonymiserede eller hashede oplysninger om dig (s\u00e5som en hashede e-mailadresse) med tredjepartsannoncerings- eller analysepartnere for at generere leads, drive trafik til vores platform eller promovere vores tjenester. Disse oplysninger identificerer dig ikke direkte, og vi deler kun det, der er tilladt i henhold til loven.<\/li>\n<\/ul>\n\n\n\n<h3 class=\"wp-block-heading\">Afvikling af drift og virksomhedsoverdragelser<\/h3>\n\n\n\n<p>Hvis Virksomheden (Content Ventures Limited, der driver tenuta.dk) er involveret i en fusion, opk\u00f8b, reorganisering, salg af aktiver, konkurs eller insolvens, kan vi s\u00e6lge, overf\u00f8re eller dele nogle af eller alle vores aktiver \u2013 som kan omfatte brugeroplysninger \u2013 i forbindelse med den p\u00e5g\u00e6ldende transaktion (eller i forbindelse med overvejelse heraf, f.eks. under due diligence). I s\u00e5danne tilf\u00e6lde vil vi bestr\u00e6be os p\u00e5 at underrette dig, f\u00f8r dine personlige oplysninger overf\u00f8res og bliver underlagt en anden privatlivspolitik.<\/p>\n\n\n\n<h2 class=\"wp-block-heading\">Tredjepartspartnere og integrationer<\/h2>\n\n\n\n<p>Vores platform kan indeholde links til tredjepartswebsteder eller integrere med tredjepartstjenester (f.eks. en integreret chattjeneste, analyseudbydere eller delingsfunktioner p\u00e5 sociale medier). Bem\u00e6rk venligst, at vi ikke ejer eller kontrollerer disse tredjeparter, og n\u00e5r du interagerer med dem, kan du give oplysninger direkte til dem. Alle oplysninger, du giver til en tredjepartstjeneste, er underlagt den p\u00e5g\u00e6ldende tredjeparts egen privatlivspolitik, ikke vores. Vi anbefaler, at du gennemg\u00e5r privatlivspolitikkerne for alle tredjepartstjenester, du tilg\u00e5r via vores platform.<\/p>\n\n\n\n<h2 class=\"wp-block-heading\">Ud\u00f8velse af dine rettigheder<\/h2>\n\n\n\n<p>Du har visse rettigheder vedr\u00f8rende dine personoplysninger. De pr\u00e6cise rettigheder, du har, afh\u00e6nger af din jurisdiktion og g\u00e6ldende lov (for eksempel har brugere i Den Europ\u00e6iske Union rettigheder i henhold til GDPR). Disse kan omfatte retten til at f\u00e5 adgang til de data, vi har om dig, rette eller opdatere dine oplysninger, anmode om sletning af dine data, begr\u00e6nse eller g\u00f8re indsigelse mod visse databehandlinger og dataportabilitet, blandt andet. Du kan ud\u00f8ve alle de rettigheder, du har i henhold til g\u00e6ldende lov.<\/p>\n\n\n\n<p>For at anmode om dine personoplysninger, bedes du kontakte os via <strong>Kontakt os<\/strong> afsnittet p\u00e5 vores hjemmeside eller ved hj\u00e6lp af de angivne kontaktoplysninger. Vi kan v\u00e6re n\u00f8dt til at bekr\u00e6fte din identitet og dine anmodningsoplysninger, f\u00f8r vi kan im\u00f8dekomme din anmodning, af sikkerheds- og verifikationsform\u00e5l. Vi vil besvare legitime anmodninger i overensstemmelse med g\u00e6ldende lov.<\/p>\n\n\n\n<p><strong>Kontaktoplysninger:<\/strong> Hvis du har sp\u00f8rgsm\u00e5l eller bekymringer vedr\u00f8rende denne privatlivspolitik eller vores databehandlingspraksis, kan du kontakte os via kontaktsiden p\u00e5 vores hjemmeside. Vores team (Content Ventures Limited, operat\u00f8ren af tenuta.dk) vil besvare dine henvendelser hurtigst muligt. Vi v\u00e6rds\u00e6tter dit privatliv og vil l\u00f8bende opdatere vores praksis og denne politik for at opfylde vores juridiske forpligtelser og opretholde din tillid.<\/p>","protected":false},"excerpt":{"rendered":"<p>Denne privatlivspolitik beskriver, hvordan virksomheden og dens tilknyttede selskaber (&quot;vi&quot;, &quot;os&quot; eller &quot;vores&quot;) behandler personlige oplysninger i forbindelse med din brug af vores platform. Afh\u00e6ngigt af din placering og hvordan du interagerer med vores platform, kan yderligere privatlivsbetingelser g\u00e6lde. Gennemg\u00e5 venligst eventuelle supplerende oplysninger, der beskriver, hvordan vi behandler personlige oplysninger til [\u2026]<\/p>","protected":false},"author":1,"featured_media":0,"parent":0,"menu_order":0,"comment_status":"closed","ping_status":"open","template":"","meta":{"footnotes":""},"class_list":["post-3","page","type-page","status-publish","hentry"],"_hostinger_reach_plugin_has_subscription_block":false,"_hostinger_reach_plugin_is_elementor":false,"_links":{"self":[{"href":"https:\/\/tenuta.dk\/da\/wp-json\/wp\/v2\/pages\/3","targetHints":{"allow":["GET"]}}],"collection":[{"href":"https:\/\/tenuta.dk\/da\/wp-json\/wp\/v2\/pages"}],"about":[{"href":"https:\/\/tenuta.dk\/da\/wp-json\/wp\/v2\/types\/page"}],"author":[{"embeddable":true,"href":"https:\/\/tenuta.dk\/da\/wp-json\/wp\/v2\/users\/1"}],"replies":[{"embeddable":true,"href":"https:\/\/tenuta.dk\/da\/wp-json\/wp\/v2\/comments?post=3"}],"version-history":[{"count":1,"href":"https:\/\/tenuta.dk\/da\/wp-json\/wp\/v2\/pages\/3\/revisions"}],"predecessor-version":[{"id":29,"href":"https:\/\/tenuta.dk\/da\/wp-json\/wp\/v2\/pages\/3\/revisions\/29"}],"wp:attachment":[{"href":"https:\/\/tenuta.dk\/da\/wp-json\/wp\/v2\/media?parent=3"}],"curies":[{"name":"wp","href":"https:\/\/api.w.org\/{rel}","templated":true}]}}